{"id":1162,"date":"2020-03-22T11:56:27","date_gmt":"2020-03-22T10:56:27","guid":{"rendered":"https:\/\/wildbeesproject.org\/?page_id=1162"},"modified":"2023-12-02T19:12:33","modified_gmt":"2023-12-02T18:12:33","slug":"mitglied-werden","status":"publish","type":"page","link":"https:\/\/www.wildbeesproject.org\/de\/mitglied-werden\/","title":{"rendered":"Mitglied werden"},"content":{"rendered":"\n<style type=\"text\/css\" data-created_by=\"avia_inline_auto\" id=\"style-css-av-av_one_full-1e26125d131ba13f1accaa8241be1528\">\n.flex_column.av-av_one_full-1e26125d131ba13f1accaa8241be1528{\n-webkit-border-radius:0px 0px 0px 0px;\n-moz-border-radius:0px 0px 0px 0px;\nborder-radius:0px 0px 0px 0px;\npadding:0px 0px 0px 0px;\n}\n<\/style>\n<div class='flex_column av-av_one_full-1e26125d131ba13f1accaa8241be1528 av_one_full  avia-builder-el-0  avia-builder-el-no-sibling  first flex_column_div av-zero-column-padding '     ><p>\n<style type=\"text\/css\" data-created_by=\"avia_inline_auto\" id=\"style-css-av-k82x0emm-3a0d6b46d381d84a891f665dda432461\">\n#top .hr.hr-invisible.av-k82x0emm-3a0d6b46d381d84a891f665dda432461{\nheight:50px;\n}\n<\/style>\n<div  class='hr av-k82x0emm-3a0d6b46d381d84a891f665dda432461 hr-invisible  avia-builder-el-1  el_before_av_image  avia-builder-el-first '><span class='hr-inner '><span class=\"hr-inner-style\"><\/span><\/span><\/div><br \/>\n\n<style type=\"text\/css\" data-created_by=\"avia_inline_auto\" id=\"style-css-av-k82x1mzu-dc5a50b7329523ccf1a69b0176e17f4b\">\n.avia-image-container.av-k82x1mzu-dc5a50b7329523ccf1a69b0176e17f4b img.avia_image{\nbox-shadow:none;\n}\n.avia-image-container.av-k82x1mzu-dc5a50b7329523ccf1a69b0176e17f4b .av-caption-image-overlay-bg{\nopacity:0.4;\nbackground-color:#000000;\n}\n.avia-image-container.av-k82x1mzu-dc5a50b7329523ccf1a69b0176e17f4b .av-image-caption-overlay-center{\ncolor:#edae44;\nfont-size:13px;\n}\n<\/style>\n<div  class='avia-image-container av-k82x1mzu-dc5a50b7329523ccf1a69b0176e17f4b av-styling- avia-align-center  avia-builder-el-2  el_after_av_hr  el_before_av_textblock  noHover av-overlay-on-hover'   itemprop=\"image\" itemscope=\"itemscope\" itemtype=\"https:\/\/schema.org\/ImageObject\" ><div class=\"avia-image-container-inner\"><div class=\"avia-image-overlay-wrap\"><div class=\"av-image-caption-overlay\"><div class=\"av-caption-image-overlay-bg\"><\/div><div class=\"av-image-caption-overlay-position\"><div class=\"av-image-caption-overlay-center\"><p>Baby bee &#8211; Scott Thompson &#8211; Flickr<\/p>\n<\/div><\/div><\/div><img decoding=\"async\" class='wp-image-1197 avia-img-lazy-loading-not-1197 avia_image ' src=\"https:\/\/www.wildbeesproject.org\/wp-content\/uploads\/2020\/03\/Baby-Bee-Scott-Thompson-Flickr-300x200.jpg\" alt='' title='Baby Bee - Scott Thompson - Flickr'  height=\"200\" width=\"300\"  itemprop=\"thumbnailUrl\" srcset=\"https:\/\/www.wildbeesproject.org\/wp-content\/uploads\/2020\/03\/Baby-Bee-Scott-Thompson-Flickr-300x200.jpg 300w, https:\/\/www.wildbeesproject.org\/wp-content\/uploads\/2020\/03\/Baby-Bee-Scott-Thompson-Flickr-1030x687.jpg 1030w, https:\/\/www.wildbeesproject.org\/wp-content\/uploads\/2020\/03\/Baby-Bee-Scott-Thompson-Flickr-768x512.jpg 768w, https:\/\/www.wildbeesproject.org\/wp-content\/uploads\/2020\/03\/Baby-Bee-Scott-Thompson-Flickr-705x470.jpg 705w, https:\/\/www.wildbeesproject.org\/wp-content\/uploads\/2020\/03\/Baby-Bee-Scott-Thompson-Flickr-450x300.jpg 450w, https:\/\/www.wildbeesproject.org\/wp-content\/uploads\/2020\/03\/Baby-Bee-Scott-Thompson-Flickr.jpg 1200w\" sizes=\"(max-width: 300px) 100vw, 300px\" \/><\/div><\/div><\/div><br \/>\n<section  class='av_textblock_section av-k82x9hge-6a2d46fd19ed3ea29fa47b1e4434029c'  itemscope=\"itemscope\" itemtype=\"https:\/\/schema.org\/CreativeWork\" ><div class='avia_textblock'  itemprop=\"text\" ><p><b>Liebe Freunde der Natur und der Bienen,<\/b><\/p>\n<p>Das Ende 2019 gegr\u00fcndete Wild Bees Project hat zum Ziel, Wildbienen im franz\u00f6sischem Naturschutzgebiet Haute-Cha\u00eene du Jura, im Pays de Gex (\ud83c\uddeb\ud83c\uddf7), im Genfer Becken und im Jura Vaudois (\ud83c\udde8\ud83c\udded) zu identifizieren, zu untersuchen und zu erhalten.<\/p>\n<p>Die Mobilisierung aller ist sehr wichtig f\u00fcr den Erfolg dieses Projekts. Um abheben zu k\u00f6nnen, so wie die kleine Biene welche aus ihrer Zelle schl\u00fcpft es tun wird, k\u00f6nnen Sie uns helfen, indem Sie unser Handeln unterst\u00fctzen und Mitglied unseres Vereins werden.<\/p>\n<p>Um teilzunehmen, klicken Sie einfach auf die Schaltfl\u00e4che unten, um auf das Formular auf der HelloAsso-Website zuzugreifen und online zu bezahlen (20 Euro \/ Jahr). Sie erhalten dann einen Nachweis und Ihre Mitgliedskarte.<\/p>\n<p>Wir z\u00e4hlen auf Sie.<br \/>\nVielen Dank im Voraus.<\/p>\n<p>Das Wild Bees Projekt-Team \ud83d\udc1d<\/p>\n<\/div><\/section><br \/>\n<div  class='avia-button-wrap av-k82x517i-0270ada04d9d0bd9f1fbc1eb555296b2-wrap avia-button-left  avia-builder-el-4  el_after_av_textblock  avia-builder-el-last '>\n<style type=\"text\/css\" data-created_by=\"avia_inline_auto\" id=\"style-css-av-k82x517i-0270ada04d9d0bd9f1fbc1eb555296b2\">\n#top #wrap_all .avia-button.av-k82x517i-0270ada04d9d0bd9f1fbc1eb555296b2{\nbackground-color:#ef7f00;\nborder-color:#ef7f00;\ncolor:#ffffff;\n-webkit-transition:all 0.4s ease-in-out;\n-moz-transition:all 0.4s ease-in-out;\n-ms-transition:all 0.4s ease-in-out;\n-o-transition:all 0.4s ease-in-out;\ntransition:all 0.4s ease-in-out;\n}\n<\/style>\n<a href='https:\/\/www.helloasso.com\/associations\/wild-bees-project\/adhesions\/adhesions-2024' class='avia-button av-k82x517i-0270ada04d9d0bd9f1fbc1eb555296b2 avia-icon_select-yes-left-icon avia-size-small avia-position-left' target=\"_blank\" rel=\"noopener noreferrer\"><span class='avia_button_icon avia_button_icon_left' aria-hidden='true' data-av_icon='\ue80c' data-av_iconfont='entypo-fontello'><\/span><span class='avia_iconbox_title' >Ich werde Mitglied der Wild Bees Project Association<\/span><\/a><\/div><\/p><\/div>\n","protected":false},"excerpt":{"rendered":"","protected":false},"author":2,"featured_media":0,"parent":0,"menu_order":0,"comment_status":"closed","ping_status":"closed","template":"","meta":{"inline_featured_image":false,"footnotes":""},"_links":{"self":[{"href":"https:\/\/www.wildbeesproject.org\/de\/wp-json\/wp\/v2\/pages\/1162"}],"collection":[{"href":"https:\/\/www.wildbeesproject.org\/de\/wp-json\/wp\/v2\/pages"}],"about":[{"href":"https:\/\/www.wildbeesproject.org\/de\/wp-json\/wp\/v2\/types\/page"}],"author":[{"embeddable":true,"href":"https:\/\/www.wildbeesproject.org\/de\/wp-json\/wp\/v2\/users\/2"}],"replies":[{"embeddable":true,"href":"https:\/\/www.wildbeesproject.org\/de\/wp-json\/wp\/v2\/comments?post=1162"}],"version-history":[{"count":17,"href":"https:\/\/www.wildbeesproject.org\/de\/wp-json\/wp\/v2\/pages\/1162\/revisions"}],"predecessor-version":[{"id":5804,"href":"https:\/\/www.wildbeesproject.org\/de\/wp-json\/wp\/v2\/pages\/1162\/revisions\/5804"}],"wp:attachment":[{"href":"https:\/\/www.wildbeesproject.org\/de\/wp-json\/wp\/v2\/media?parent=1162"}],"curies":[{"name":"wp","href":"https:\/\/api.w.org\/{rel}","templated":true}]}}